{"id":4754,"date":"2024-12-28T10:11:15","date_gmt":"2024-12-28T10:11:15","guid":{"rendered":"https:\/\/sabore.hu\/?page_id=4754"},"modified":"2025-11-12T10:39:50","modified_gmt":"2025-11-12T09:39:50","slug":"itthon","status":"publish","type":"page","link":"https:\/\/sabore.hu\/en\/","title":{"rendered":"F\u0151oldal"},"content":{"rendered":"\t\t<div data-elementor-type=\"wp-page\" data-elementor-id=\"4754\" class=\"elementor elementor-4754\" data-elementor-post-type=\"page\">\n\t\t\t\t<div class=\"elementor-element elementor-element-4fad785 e-con-full e-flex e-con e-parent\" data-id=\"4fad785\" data-element_type=\"container\" data-e-type=\"container\" data-settings=\"{&quot;background_background&quot;:&quot;slideshow&quot;,&quot;background_slideshow_gallery&quot;:[{&quot;id&quot;:4093,&quot;url&quot;:&quot;https:\\\/\\\/sabore.hu\\\/wp-content\\\/uploads\\\/2021\\\/11\\\/front-1.jpeg&quot;},{&quot;id&quot;:4856,&quot;url&quot;:&quot;https:\\\/\\\/sabore.hu\\\/wp-content\\\/uploads\\\/2025\\\/09\\\/bontox4.webp&quot;},{&quot;id&quot;:4859,&quot;url&quot;:&quot;https:\\\/\\\/sabore.hu\\\/wp-content\\\/uploads\\\/2025\\\/09\\\/bontox2.webp&quot;},{&quot;id&quot;:4040,&quot;url&quot;:&quot;https:\\\/\\\/sabore.hu\\\/wp-content\\\/uploads\\\/2021\\\/11\\\/tapas-menu.jpg&quot;}],&quot;background_slideshow_slide_transition&quot;:&quot;slide_left&quot;,&quot;background_slideshow_loop&quot;:&quot;yes&quot;,&quot;background_slideshow_slide_duration&quot;:5000,&quot;background_slideshow_transition_duration&quot;:500}\">\n\t\t<div class=\"elementor-element elementor-element-2ea690a e-flex e-con-boxed e-con e-child\" data-id=\"2ea690a\" data-element_type=\"container\" data-e-type=\"container\">\n\t\t\t\t\t<div class=\"e-con-inner\">\n\t\t\t\t<div class=\"elementor-element elementor-element-fca0939 elementor-widget elementor-widget-heading\" data-id=\"fca0939\" data-element_type=\"widget\" data-e-type=\"widget\" data-widget_type=\"heading.default\">\n\t\t\t\t\t<h6 class=\"elementor-heading-title elementor-size-default\">\u00dcdv\u00f6zl\u00fcnk a Sabor\u00e9 Tapas B\u00e1rban!<\/h6>\t\t\t\t<\/div>\n\t\t\t\t<div class=\"elementor-element elementor-element-e2061ca elementor-widget elementor-widget-heading\" data-id=\"e2061ca\" data-element_type=\"widget\" data-e-type=\"widget\" data-widget_type=\"heading.default\">\n\t\t\t\t\t<h1 class=\"elementor-heading-title elementor-size-default\">Sabor\u00e9<\/h1>\t\t\t\t<\/div>\n\t\t\t\t<div class=\"elementor-element elementor-element-7756085 elementor-widget elementor-widget-heading\" data-id=\"7756085\" data-element_type=\"widget\" data-e-type=\"widget\" data-widget_type=\"heading.default\">\n\t\t\t\t\t<h2 class=\"elementor-heading-title elementor-size-default\">Tapas del Mundo \u2014 oszd meg a vil\u00e1got a t\u00e1ny\u00e9rodon.<\/h2>\t\t\t\t<\/div>\n\t\t<div class=\"elementor-element elementor-element-69ea7ba e-con-full e-flex e-con e-child\" data-id=\"69ea7ba\" data-element_type=\"container\" data-e-type=\"container\">\n\t\t\t\t<div class=\"elementor-element elementor-element-527c1c1 elementor-align-center elementor-widget elementor-widget-button\" data-id=\"527c1c1\" data-element_type=\"widget\" data-e-type=\"widget\" data-widget_type=\"button.default\">\n\t\t\t\t\t\t\t\t\t\t<a class=\"elementor-button elementor-button-link elementor-size-sm\" href=\"https:\/\/sabore.hu\/etlap\/\">\n\t\t\t\t\t\t<span class=\"elementor-button-content-wrapper\">\n\t\t\t\t\t\t\t\t\t<span class=\"elementor-button-text\">L\u00e1sd a men\u00fcnket<\/span>\n\t\t\t\t\t<\/span>\n\t\t\t\t\t<\/a>\n\t\t\t\t\t\t\t\t<\/div>\n\t\t\t\t<div class=\"elementor-element elementor-element-e324544 elementor-align-center elementor-widget elementor-widget-button\" data-id=\"e324544\" data-element_type=\"widget\" data-e-type=\"widget\" data-widget_type=\"button.default\">\n\t\t\t\t\t\t\t\t\t\t<a class=\"elementor-button elementor-button-link elementor-size-sm\" href=\"https:\/\/sabore.hu\/en\/reservation\/\">\n\t\t\t\t\t\t<span class=\"elementor-button-content-wrapper\">\n\t\t\t\t\t\t\t\t\t<span class=\"elementor-button-text\">Asztalfoglal\u00e1s<\/span>\n\t\t\t\t\t<\/span>\n\t\t\t\t\t<\/a>\n\t\t\t\t\t\t\t\t<\/div>\n\t\t\t\t<\/div>\n\t\t\t\t\t<\/div>\n\t\t\t\t<\/div>\n\t\t\t\t<\/div>\n\t\t<div class=\"elementor-element elementor-element-579acb3 e-flex e-con-boxed e-con e-parent\" data-id=\"579acb3\" data-element_type=\"container\" data-e-type=\"container\">\n\t\t\t\t\t<div class=\"e-con-inner\">\n\t\t<div class=\"elementor-element elementor-element-0ff030e e-con-full e-flex e-con e-child\" data-id=\"0ff030e\" data-element_type=\"container\" data-e-type=\"container\" id=\"about-us\">\n\t\t\t\t<div class=\"elementor-element elementor-element-e7e7715 elementor-widget elementor-widget-heading\" data-id=\"e7e7715\" data-element_type=\"widget\" data-e-type=\"widget\" data-widget_type=\"heading.default\">\n\t\t\t\t\t<h6 class=\"elementor-heading-title elementor-size-default\">About Us<\/h6>\t\t\t\t<\/div>\n\t\t\t\t<div class=\"elementor-element elementor-element-b020b55 elementor-widget elementor-widget-heading\" data-id=\"b020b55\" data-element_type=\"widget\" data-e-type=\"widget\" data-widget_type=\"heading.default\">\n\t\t\t\t\t<h2 class=\"elementor-heading-title elementor-size-default\">Sabor\u00e9 \u2013 Tapas del Mundo<\/h2>\t\t\t\t<\/div>\n\t\t\t\t<div class=\"elementor-element elementor-element-c976c96 elementor-widget__width-auto elementor-widget elementor-widget-image\" data-id=\"c976c96\" data-element_type=\"widget\" data-e-type=\"widget\" data-widget_type=\"image.default\">\n\t\t\t\t\t\t\t\t\t\t\t\t\t\t\t<img decoding=\"async\" width=\"27\" height=\"37\" src=\"https:\/\/sabore.hu\/wp-content\/uploads\/2020\/12\/noun_leaf_3120327.png\" class=\"attachment-full size-full wp-image-3225\" alt=\"\" \/>\t\t\t\t\t\t\t\t\t\t\t\t\t\t\t<\/div>\n\t\t\t\t<div class=\"elementor-element elementor-element-9b8e9c3 elementor-widget elementor-widget-text-editor\" data-id=\"9b8e9c3\" data-element_type=\"widget\" data-e-type=\"widget\" data-widget_type=\"text-editor.default\">\n\t\t\t\t\t\t\t\t\tA Sabor\u00e9 a gasztron\u00f3mia, az utaz\u00e1s \u00e9s az \u00f6sszekapcsol\u00f3d\u00e1s szeretet\u00e9b\u0151l sz\u00fcletett.\nA marokk\u00f3i f\u0171szerekt\u0151l a mediterr\u00e1n napf\u00e9nyig, az \u00e1zsiai utcai piacokt\u00f3l az eur\u00f3pai borvid\u00e9kekig \u2014 minden egyes fog\u00e1s egy felfedez\u00e9s, \u00f6r\u00f6m \u00e9s megoszt\u00e1s t\u00f6rt\u00e9net\u00e9t mes\u00e9li.\n\nTapasaink \u00f6t kontinens utaz\u00e1s\u00e1ra \u00e9p\u00fclnek, m\u00e9ly l\u00e9lekkel k\u00e9sz\u00fclnek, \u00e9s arra szolg\u00e1lnak, hogy bar\u00e1tokkal, nevet\u00e9ssel \u00e9s egy j\u00f3 borral egy\u00fctt \u00e9lvezz\u00e9k azokat.\nA Sabor\u00e9 Nassima (Marokk\u00f3b\u00f3l) \u00e9s Robert (Magyarorsz\u00e1gr\u00f3l) utaz\u00e1sainak gy\u00fcm\u00f6lcse \u2014 k\u00e9t \u00edzeket kutat\u00f3 felfedez\u0151, akik t\u00f6bb mint 100 orsz\u00e1got j\u00e1rtak be \u00edzek, inspir\u00e1ci\u00f3 \u00e9s kapcsolatok ut\u00e1n kutatva.\n\nMarr\u00e1kes soukjait\u00f3l Bangkok piacain \u00e1t a spanyol bodega-pincesorokig \u00e9s az argent\u00edn borvid\u00e9kekig nem csup\u00e1n recepteket gy\u0171jt\u00f6ttek, hanem eml\u00e9keket, bar\u00e1ts\u00e1gokat \u00e9s a gasztron\u00f3mia kultur\u00e1lis erej\u00e9be vetett m\u00e9ly meggy\u0151z\u0151d\u00e9st.\n\nA spanyol tapas-koncepci\u00f3 \u2014 kis megoszt\u00e1sra tervezett falatok \u2014 inspir\u00e1lta \u0151ket: l\u00e9trehozt\u00e1k a \u201eSabor\u00e9: Tapas del Mundo\u201d-t, hogy olyan hely legyen, ahol glob\u00e1lis \u00edzek, kiv\u00e1l\u00f3 borok \u00e9s az \u00e9let felfedez\u00e9s\u00e9nek \u00f6r\u00f6me gy\u0171lik \u00f6ssze.\n\nItt minden fog\u00e1s egy t\u00f6rt\u00e9netet mes\u00e9l. Itt minden emelt poh\u00e1r az \u00e9let \u00fatjait \u00fcnnepli.\n\t\t\t\t\t\t\t\t<\/div>\n\t\t\t\t<div class=\"elementor-element elementor-element-492f9c0 elementor-align-center elementor-widget elementor-widget-button\" data-id=\"492f9c0\" data-element_type=\"widget\" data-e-type=\"widget\" data-widget_type=\"button.default\">\n\t\t\t\t\t\t\t\t\t\t<a class=\"elementor-button elementor-button-link elementor-size-sm\" href=\"https:\/\/sabore.hu\/itallap\/\">\n\t\t\t\t\t\t<span class=\"elementor-button-content-wrapper\">\n\t\t\t\t\t\t\t\t\t<span class=\"elementor-button-text\">L\u00e1sd a men\u00fcnket<\/span>\n\t\t\t\t\t<\/span>\n\t\t\t\t\t<\/a>\n\t\t\t\t\t\t\t\t<\/div>\n\t\t\t\t<\/div>\n\t\t<div class=\"elementor-element elementor-element-37b46a2 e-con-full e-flex e-con e-child\" data-id=\"37b46a2\" data-element_type=\"container\" data-e-type=\"container\">\n\t\t\t\t<div class=\"elementor-element elementor-element-9071947 elementor-widget elementor-widget-image\" data-id=\"9071947\" data-element_type=\"widget\" data-e-type=\"widget\" data-widget_type=\"image.default\">\n\t\t\t\t\t\t\t\t\t\t\t\t\t\t\t<img fetchpriority=\"high\" decoding=\"async\" width=\"683\" height=\"1024\" src=\"https:\/\/sabore.hu\/wp-content\/uploads\/2025\/09\/bontox5-683x1024.webp\" class=\"attachment-large size-large wp-image-4999\" alt=\"\" srcset=\"https:\/\/sabore.hu\/wp-content\/uploads\/2025\/09\/bontox5-683x1024.webp 683w, https:\/\/sabore.hu\/wp-content\/uploads\/2025\/09\/bontox5-600x900.webp 600w, https:\/\/sabore.hu\/wp-content\/uploads\/2025\/09\/bontox5-200x300.webp 200w, https:\/\/sabore.hu\/wp-content\/uploads\/2025\/09\/bontox5-768x1152.webp 768w, https:\/\/sabore.hu\/wp-content\/uploads\/2025\/09\/bontox5.webp 1024w\" sizes=\"(max-width: 683px) 100vw, 683px\" \/>\t\t\t\t\t\t\t\t\t\t\t\t\t\t\t<\/div>\n\t\t\t\t<\/div>\n\t\t\t\t\t<\/div>\n\t\t\t\t<\/div>\n\t\t<div class=\"elementor-element elementor-element-a26f969 e-flex e-con-boxed e-con e-parent\" data-id=\"a26f969\" data-element_type=\"container\" data-e-type=\"container\">\n\t\t\t\t\t<div class=\"e-con-inner\">\n\t\t<div class=\"elementor-element elementor-element-5e1d307 e-flex e-con-boxed e-con e-child\" data-id=\"5e1d307\" data-element_type=\"container\" data-e-type=\"container\">\n\t\t\t\t\t<div class=\"e-con-inner\">\n\t\t\t\t<div class=\"elementor-element elementor-element-49fb3f4 elementor-widget elementor-widget-image\" data-id=\"49fb3f4\" data-element_type=\"widget\" data-e-type=\"widget\" data-widget_type=\"image.default\">\n\t\t\t\t\t\t\t\t\t\t\t\t\t\t\t<img decoding=\"async\" width=\"768\" height=\"686\" src=\"https:\/\/sabore.hu\/wp-content\/uploads\/2025\/08\/Sabore-Color-scaled.png\" class=\"attachment-medium_large size-medium_large wp-image-4848\" alt=\"\" srcset=\"https:\/\/sabore.hu\/wp-content\/uploads\/2025\/08\/Sabore-Color-scaled.png 2560w, https:\/\/sabore.hu\/wp-content\/uploads\/2025\/08\/Sabore-Color-scaled-600x536.png 600w\" sizes=\"(max-width: 768px) 100vw, 768px\" \/>\t\t\t\t\t\t\t\t\t\t\t\t\t\t\t<\/div>\n\t\t\t\t\t<\/div>\n\t\t\t\t<\/div>\n\t\t<div class=\"elementor-element elementor-element-9eb24ce e-con-full e-flex e-con e-child\" data-id=\"9eb24ce\" data-element_type=\"container\" data-e-type=\"container\" data-settings=\"{&quot;background_background&quot;:&quot;classic&quot;,&quot;motion_fx_motion_fx_scrolling&quot;:&quot;yes&quot;,&quot;motion_fx_translateY_effect&quot;:&quot;yes&quot;,&quot;motion_fx_translateY_speed&quot;:{&quot;unit&quot;:&quot;px&quot;,&quot;size&quot;:2.9,&quot;sizes&quot;:[]},&quot;motion_fx_devices&quot;:[&quot;desktop&quot;],&quot;motion_fx_range&quot;:&quot;viewport&quot;,&quot;motion_fx_motion_fx_mouse&quot;:&quot;yes&quot;,&quot;motion_fx_translateY_affectedRange&quot;:{&quot;unit&quot;:&quot;%&quot;,&quot;size&quot;:&quot;&quot;,&quot;sizes&quot;:{&quot;start&quot;:0,&quot;end&quot;:100}}}\">\n\t\t\t\t<div class=\"elementor-element elementor-element-9416597 elementor-widget elementor-widget-heading\" data-id=\"9416597\" data-element_type=\"widget\" data-e-type=\"widget\" data-widget_type=\"heading.default\">\n\t\t\t\t\t<h2 class=\"elementor-heading-title elementor-size-default\">Sabor\u00e9 <\/h2>\t\t\t\t<\/div>\n\t\t\t\t<div class=\"elementor-element elementor-element-479a9cd elementor-widget elementor-widget-heading\" data-id=\"479a9cd\" data-element_type=\"widget\" data-e-type=\"widget\" data-widget_type=\"heading.default\">\n\t\t\t\t\t<h2 class=\"elementor-heading-title elementor-size-default\">A vil\u00e1g \u00edzeit hoztuk el, hogy megoszthasd azzal akit szeretsz.<\/h2>\t\t\t\t<\/div>\n\t\t\t\t<div class=\"elementor-element elementor-element-9e75be2 elementor-widget elementor-widget-text-editor\" data-id=\"9e75be2\" data-element_type=\"widget\" data-e-type=\"widget\" data-widget_type=\"text-editor.default\">\n\t\t\t\t\t\t\t\t\tA Sabor\u00e9n\u00e1l az \u00e9tel t\u00f6bbet jelent, mint ami a t\u00e1ny\u00e9ron van \u2014 kapcsolat, k\u00f6z\u00f6ss\u00e9g, kult\u00fara.<br>\nKonyh\u00e1nk a soksz\u00edn\u0171s\u00e9get, a kreativit\u00e1st \u00e9s az autentikuss\u00e1got \u00fcnnepli, mik\u00f6zben egyszer\u0171s\u00e9get \u00e9s kiv\u00e1l\u00f3 alapanyagokat v\u00e1laszt.<br>\n\n<strong>Amiben Hisz\u00fcnk:<\/strong><br>\n\n<strong>\ud83c\udf36\ufe0f Kultur\u00e1lis k\u00edv\u00e1ncsis\u00e1g: <\/strong>a vil\u00e1g \u00edzeinek felfedez\u00e9se<br>\n\n<strong>\ud83c\udf77 Megoszt\u00e1s:<\/strong> az \u00e9tel akkor a legjobb, ha egy\u00fctt \u00e9lvezz\u00fck<br>\n\n<strong>\ud83c\udf3f \u0150szintes\u00e9g:<\/strong> friss, val\u00f3di alapanyagok \u2013 semmi mesters\u00e9ges, semmi t\u00falz\u00e1s<br>\n\n<strong>\u2764\ufe0f Szenved\u00e9ly:<\/strong> minden fog\u00e1s gondosan k\u00e9sz\u00fcl, minden \u00edz szeretettel v\u00e1lasztva<br>\n\n<strong>\ud83c\udf0e Fenntarthat\u00f3s\u00e1g:<\/strong> tisztelj\u00fck azokat az embereket, helyeket \u00e9s hagyom\u00e1nyokat, melyek inspir\u00e1lnak minket\t\t\t\t\t\t\t\t<\/div>\n\t\t\t\t<div class=\"elementor-element elementor-element-58e5457 elementor-align-center elementor-widget elementor-widget-button\" data-id=\"58e5457\" data-element_type=\"widget\" data-e-type=\"widget\" data-widget_type=\"button.default\">\n\t\t\t\t\t\t\t\t\t\t<a class=\"elementor-button elementor-button-link elementor-size-sm\" href=\"https:\/\/sabore.hu\/en\/reservation\/\">\n\t\t\t\t\t\t<span class=\"elementor-button-content-wrapper\">\n\t\t\t\t\t\t\t\t\t<span class=\"elementor-button-text\">Asztalfoglal\u00e1s<\/span>\n\t\t\t\t\t<\/span>\n\t\t\t\t\t<\/a>\n\t\t\t\t\t\t\t\t<\/div>\n\t\t\t\t<\/div>\n\t\t\t\t\t<\/div>\n\t\t\t\t<\/div>\n\t\t<div class=\"elementor-element elementor-element-2e2de8d e-flex e-con-boxed e-con e-parent\" data-id=\"2e2de8d\" data-element_type=\"container\" data-e-type=\"container\" id=\"galeria\">\n\t\t\t\t\t<div class=\"e-con-inner\">\n\t\t\t\t<div class=\"elementor-element elementor-element-90c3a32 elementor-widget elementor-widget-heading\" data-id=\"90c3a32\" data-element_type=\"widget\" data-e-type=\"widget\" data-widget_type=\"heading.default\">\n\t\t\t\t\t<h2 class=\"elementor-heading-title elementor-size-default\">Gal\u00e9ria<\/h2>\t\t\t\t<\/div>\n\t\t\t\t<div class=\"elementor-element elementor-element-9fba830 elementor-widget elementor-widget-gallery\" data-id=\"9fba830\" data-element_type=\"widget\" data-e-type=\"widget\" data-settings=\"{&quot;gallery_layout&quot;:&quot;justified&quot;,&quot;ideal_row_height&quot;:{&quot;unit&quot;:&quot;px&quot;,&quot;size&quot;:300,&quot;sizes&quot;:[]},&quot;lazyload&quot;:&quot;yes&quot;,&quot;ideal_row_height_tablet&quot;:{&quot;unit&quot;:&quot;px&quot;,&quot;size&quot;:150,&quot;sizes&quot;:[]},&quot;ideal_row_height_mobile&quot;:{&quot;unit&quot;:&quot;px&quot;,&quot;size&quot;:150,&quot;sizes&quot;:[]},&quot;gap&quot;:{&quot;unit&quot;:&quot;px&quot;,&quot;size&quot;:10,&quot;sizes&quot;:[]},&quot;gap_tablet&quot;:{&quot;unit&quot;:&quot;px&quot;,&quot;size&quot;:10,&quot;sizes&quot;:[]},&quot;gap_mobile&quot;:{&quot;unit&quot;:&quot;px&quot;,&quot;size&quot;:10,&quot;sizes&quot;:[]},&quot;overlay_background&quot;:&quot;yes&quot;,&quot;content_hover_animation&quot;:&quot;fade-in&quot;}\" data-widget_type=\"gallery.default\">\n\t\t\t\t\t\t\t<div class=\"elementor-gallery__container\">\n\t\t\t\t\t\t\t<div class=\"e-gallery-item elementor-gallery-item elementor-animated-content\">\n\t\t\t\t\t<div class=\"e-gallery-image elementor-gallery-item__image\" data-thumbnail=\"https:\/\/sabore.hu\/wp-content\/uploads\/2025\/09\/bontox5.webp\" data-width=\"1024\" data-height=\"1536\" aria-label=\"\" role=\"img\" ><\/div>\n\t\t\t\t\t\t\t\t\t\t\t<div class=\"elementor-gallery-item__overlay\"><\/div>\n\t\t\t\t\t\t\t\t\t\t\t\t\t\t<\/div>\n\t\t\t\t\t\t\t<div class=\"e-gallery-item elementor-gallery-item elementor-animated-content\">\n\t\t\t\t\t<div class=\"e-gallery-image elementor-gallery-item__image\" data-thumbnail=\"https:\/\/sabore.hu\/wp-content\/uploads\/2025\/09\/bontox6.webp\" data-width=\"705\" data-height=\"1057\" aria-label=\"\" role=\"img\" ><\/div>\n\t\t\t\t\t\t\t\t\t\t\t<div class=\"elementor-gallery-item__overlay\"><\/div>\n\t\t\t\t\t\t\t\t\t\t\t\t\t\t<\/div>\n\t\t\t\t\t\t\t<div class=\"e-gallery-item elementor-gallery-item elementor-animated-content\">\n\t\t\t\t\t<div class=\"e-gallery-image elementor-gallery-item__image\" data-thumbnail=\"https:\/\/sabore.hu\/wp-content\/uploads\/2021\/11\/tapas-spain.jpg\" data-width=\"1600\" data-height=\"720\" aria-label=\"tapas spain\" role=\"img\" ><\/div>\n\t\t\t\t\t\t\t\t\t\t\t<div class=\"elementor-gallery-item__overlay\"><\/div>\n\t\t\t\t\t\t\t\t\t\t\t\t\t\t<\/div>\n\t\t\t\t\t\t\t<div class=\"e-gallery-item elementor-gallery-item elementor-animated-content\">\n\t\t\t\t\t<div class=\"e-gallery-image elementor-gallery-item__image\" data-thumbnail=\"https:\/\/sabore.hu\/wp-content\/uploads\/2021\/11\/7.jpeg\" data-width=\"720\" data-height=\"960\" aria-label=\"\" role=\"img\" ><\/div>\n\t\t\t\t\t\t\t\t\t\t\t<div class=\"elementor-gallery-item__overlay\"><\/div>\n\t\t\t\t\t\t\t\t\t\t\t\t\t\t<\/div>\n\t\t\t\t\t\t\t<div class=\"e-gallery-item elementor-gallery-item elementor-animated-content\">\n\t\t\t\t\t<div class=\"e-gallery-image elementor-gallery-item__image\" data-thumbnail=\"https:\/\/sabore.hu\/wp-content\/uploads\/2021\/11\/patatas-bravas.jpg\" data-width=\"1254\" data-height=\"837\" aria-label=\"tapas spanish patatas\" role=\"img\" ><\/div>\n\t\t\t\t\t\t\t\t\t\t\t<div class=\"elementor-gallery-item__overlay\"><\/div>\n\t\t\t\t\t\t\t\t\t\t\t\t\t\t<\/div>\n\t\t\t\t\t\t\t<div class=\"e-gallery-item elementor-gallery-item elementor-animated-content\">\n\t\t\t\t\t<div class=\"e-gallery-image elementor-gallery-item__image\" data-thumbnail=\"https:\/\/sabore.hu\/wp-content\/uploads\/2020\/12\/Mark_Lobo_Photography-Melbourne-Jam_Jar1.jpg\" data-width=\"1110\" data-height=\"740\" aria-label=\"\" role=\"img\" ><\/div>\n\t\t\t\t\t\t\t\t\t\t\t<div class=\"elementor-gallery-item__overlay\"><\/div>\n\t\t\t\t\t\t\t\t\t\t\t\t\t\t<\/div>\n\t\t\t\t\t\t\t<div class=\"e-gallery-item elementor-gallery-item elementor-animated-content\">\n\t\t\t\t\t<div class=\"e-gallery-image elementor-gallery-item__image\" data-thumbnail=\"https:\/\/sabore.hu\/wp-content\/uploads\/2020\/12\/tomato-basil-soup-with-parmesan-cheese-and-bread-t-3U9VJFQ.jpg\" data-width=\"1440\" data-height=\"960\" aria-label=\"\" role=\"img\" ><\/div>\n\t\t\t\t\t\t\t\t\t\t\t<div class=\"elementor-gallery-item__overlay\"><\/div>\n\t\t\t\t\t\t\t\t\t\t\t\t\t\t<\/div>\n\t\t\t\t\t\t\t<div class=\"e-gallery-item elementor-gallery-item elementor-animated-content\">\n\t\t\t\t\t<div class=\"e-gallery-image elementor-gallery-item__image\" data-thumbnail=\"https:\/\/sabore.hu\/wp-content\/uploads\/2021\/11\/8.jpeg\" data-width=\"680\" data-height=\"454\" aria-label=\"\" role=\"img\" ><\/div>\n\t\t\t\t\t\t\t\t\t\t\t<div class=\"elementor-gallery-item__overlay\"><\/div>\n\t\t\t\t\t\t\t\t\t\t\t\t\t\t<\/div>\n\t\t\t\t\t\t\t<div class=\"e-gallery-item elementor-gallery-item elementor-animated-content\">\n\t\t\t\t\t<div class=\"e-gallery-image elementor-gallery-item__image\" data-thumbnail=\"https:\/\/sabore.hu\/wp-content\/uploads\/2021\/11\/10.jpeg\" data-width=\"960\" data-height=\"720\" aria-label=\"\" role=\"img\" ><\/div>\n\t\t\t\t\t\t\t\t\t\t\t<div class=\"elementor-gallery-item__overlay\"><\/div>\n\t\t\t\t\t\t\t\t\t\t\t\t\t\t<\/div>\n\t\t\t\t\t\t\t<div class=\"e-gallery-item elementor-gallery-item elementor-animated-content\">\n\t\t\t\t\t<div class=\"e-gallery-image elementor-gallery-item__image\" data-thumbnail=\"https:\/\/sabore.hu\/wp-content\/uploads\/2021\/11\/9.jpeg\" data-width=\"800\" data-height=\"569\" aria-label=\"tapas1\" role=\"img\" ><\/div>\n\t\t\t\t\t\t\t\t\t\t\t<div class=\"elementor-gallery-item__overlay\"><\/div>\n\t\t\t\t\t\t\t\t\t\t\t\t\t\t<\/div>\n\t\t\t\t\t\t\t<div class=\"e-gallery-item elementor-gallery-item elementor-animated-content\">\n\t\t\t\t\t<div class=\"e-gallery-image elementor-gallery-item__image\" data-thumbnail=\"https:\/\/sabore.hu\/wp-content\/uploads\/2021\/11\/5.png\" data-width=\"500\" data-height=\"500\" aria-label=\"\" role=\"img\" ><\/div>\n\t\t\t\t\t\t\t\t\t\t\t<div class=\"elementor-gallery-item__overlay\"><\/div>\n\t\t\t\t\t\t\t\t\t\t\t\t\t\t<\/div>\n\t\t\t\t\t\t\t<div class=\"e-gallery-item elementor-gallery-item elementor-animated-content\">\n\t\t\t\t\t<div class=\"e-gallery-image elementor-gallery-item__image\" data-thumbnail=\"https:\/\/sabore.hu\/wp-content\/uploads\/2021\/11\/4.png\" data-width=\"500\" data-height=\"500\" aria-label=\"\" role=\"img\" ><\/div>\n\t\t\t\t\t\t\t\t\t\t\t<div class=\"elementor-gallery-item__overlay\"><\/div>\n\t\t\t\t\t\t\t\t\t\t\t\t\t\t<\/div>\n\t\t\t\t\t\t\t<div class=\"e-gallery-item elementor-gallery-item elementor-animated-content\">\n\t\t\t\t\t<div class=\"e-gallery-image elementor-gallery-item__image\" data-thumbnail=\"https:\/\/sabore.hu\/wp-content\/uploads\/2021\/11\/front-1.jpeg\" data-width=\"1024\" data-height=\"545\" aria-label=\"\" role=\"img\" ><\/div>\n\t\t\t\t\t\t\t\t\t\t\t<div class=\"elementor-gallery-item__overlay\"><\/div>\n\t\t\t\t\t\t\t\t\t\t\t\t\t\t<\/div>\n\t\t\t\t\t\t\t<div class=\"e-gallery-item elementor-gallery-item elementor-animated-content\">\n\t\t\t\t\t<div class=\"e-gallery-image elementor-gallery-item__image\" data-thumbnail=\"https:\/\/sabore.hu\/wp-content\/uploads\/2021\/11\/tapas-menu.jpg\" data-width=\"1024\" data-height=\"673\" aria-label=\"menu\" role=\"img\" ><\/div>\n\t\t\t\t\t\t\t\t\t\t\t<div class=\"elementor-gallery-item__overlay\"><\/div>\n\t\t\t\t\t\t\t\t\t\t\t\t\t\t<\/div>\n\t\t\t\t\t<\/div>\n\t\t\t\t\t<\/div>\n\t\t\t\t\t<\/div>\n\t\t\t\t<\/div>\n\t\t<div class=\"elementor-element elementor-element-a4ccc92 e-flex e-con-boxed e-con e-parent\" data-id=\"a4ccc92\" data-element_type=\"container\" data-e-type=\"container\">\n\t\t\t\t\t<div class=\"e-con-inner\">\n\t\t\t\t<div class=\"elementor-element elementor-element-cf9ef7a elementor-widget elementor-widget-heading\" data-id=\"cf9ef7a\" data-element_type=\"widget\" data-e-type=\"widget\" data-widget_type=\"heading.default\">\n\t\t\t\t\t<h2 class=\"elementor-heading-title elementor-size-default\">Vend\u00e9geink v\u00e9lem\u00e9nyei<\/h2>\t\t\t\t<\/div>\n\t\t\t\t<div class=\"elementor-element elementor-element-ece3042 elementor-pagination-type-bullets elementor-arrows-position-inside elementor-pagination-position-outside elementor-widget elementor-widget-loop-carousel\" data-id=\"ece3042\" data-element_type=\"widget\" data-e-type=\"widget\" data-settings=\"{&quot;template_id&quot;:&quot;6026&quot;,&quot;image_spacing_custom&quot;:{&quot;unit&quot;:&quot;px&quot;,&quot;size&quot;:30,&quot;sizes&quot;:[]},&quot;_skin&quot;:&quot;post&quot;,&quot;slides_to_show&quot;:&quot;3&quot;,&quot;slides_to_show_tablet&quot;:&quot;2&quot;,&quot;slides_to_show_mobile&quot;:&quot;1&quot;,&quot;slides_to_scroll&quot;:&quot;1&quot;,&quot;edit_handle_selector&quot;:&quot;.elementor-loop-container&quot;,&quot;autoplay&quot;:&quot;yes&quot;,&quot;autoplay_speed&quot;:5000,&quot;pause_on_hover&quot;:&quot;yes&quot;,&quot;pause_on_interaction&quot;:&quot;yes&quot;,&quot;infinite&quot;:&quot;yes&quot;,&quot;speed&quot;:500,&quot;offset_sides&quot;:&quot;none&quot;,&quot;arrows&quot;:&quot;yes&quot;,&quot;pagination&quot;:&quot;bullets&quot;,&quot;image_spacing_custom_tablet&quot;:{&quot;unit&quot;:&quot;px&quot;,&quot;size&quot;:&quot;&quot;,&quot;sizes&quot;:[]},&quot;image_spacing_custom_mobile&quot;:{&quot;unit&quot;:&quot;px&quot;,&quot;size&quot;:&quot;&quot;,&quot;sizes&quot;:[]}}\" data-widget_type=\"loop-carousel.post\">\n\t\t\t\t\t\t\t<div class=\"e-loop-nothing-found-message\">\n\t\t<\/div>\n\t\t\t\t\t\t<\/div>\n\t\t\t\t\t<\/div>\n\t\t\t\t<\/div>\n\t\t\t\t<\/div>\n\t\t","protected":false},"excerpt":{"rendered":"<p>\u00dcdv\u00f6zl\u00fcnk a Sabor\u00e9 Tapas B\u00e1rban! Sabor\u00e9 Tapas del Mundo \u2014 oszd meg a vil\u00e1got a t\u00e1ny\u00e9rodon. L\u00e1sd a men\u00fcnket Asztalfoglal\u00e1s About Us Sabor\u00e9 \u2013 Tapas del Mundo A Sabor\u00e9 a gasztron\u00f3mia, az utaz\u00e1s \u00e9s az \u00f6sszekapcsol\u00f3d\u00e1s szeretet\u00e9b\u0151l sz\u00fcletett. A marokk\u00f3i f\u0171szerekt\u0151l a mediterr\u00e1n napf\u00e9nyig, az \u00e1zsiai utcai piacokt\u00f3l az eur\u00f3pai borvid\u00e9kekig \u2014 minden egyes fog\u00e1s [&hellip;]<\/p>\n","protected":false},"author":1,"featured_media":0,"parent":0,"menu_order":0,"comment_status":"closed","ping_status":"closed","template":"elementor_header_footer","meta":{"_acf_changed":false,"footnotes":""},"class_list":["post-4754","page","type-page","status-publish","hentry"],"acf":[],"_links":{"self":[{"href":"https:\/\/sabore.hu\/en\/wp-json\/wp\/v2\/pages\/4754","targetHints":{"allow":["GET"]}}],"collection":[{"href":"https:\/\/sabore.hu\/en\/wp-json\/wp\/v2\/pages"}],"about":[{"href":"https:\/\/sabore.hu\/en\/wp-json\/wp\/v2\/types\/page"}],"author":[{"embeddable":true,"href":"https:\/\/sabore.hu\/en\/wp-json\/wp\/v2\/users\/1"}],"replies":[{"embeddable":true,"href":"https:\/\/sabore.hu\/en\/wp-json\/wp\/v2\/comments?post=4754"}],"version-history":[{"count":281,"href":"https:\/\/sabore.hu\/en\/wp-json\/wp\/v2\/pages\/4754\/revisions"}],"predecessor-version":[{"id":6188,"href":"https:\/\/sabore.hu\/en\/wp-json\/wp\/v2\/pages\/4754\/revisions\/6188"}],"wp:attachment":[{"href":"https:\/\/sabore.hu\/en\/wp-json\/wp\/v2\/media?parent=4754"}],"curies":[{"name":"wp","href":"https:\/\/api.w.org\/{rel}","templated":true}]}}