{"id":6059,"date":"2025-11-11T22:21:55","date_gmt":"2025-11-11T21:21:55","guid":{"rendered":"https:\/\/sabore.hu\/?page_id=6059"},"modified":"2025-11-11T23:14:48","modified_gmt":"2025-11-11T22:14:48","slug":"blog","status":"publish","type":"page","link":"https:\/\/sabore.hu\/en\/blog\/","title":{"rendered":"Blog"},"content":{"rendered":"\t\t<div data-elementor-type=\"wp-page\" data-elementor-id=\"6059\" class=\"elementor elementor-6059\" data-elementor-post-type=\"page\">\n\t\t\t\t<div class=\"elementor-element elementor-element-080660e e-flex e-con-boxed e-con e-parent\" data-id=\"080660e\" data-element_type=\"container\" data-e-type=\"container\">\n\t\t\t\t\t<div class=\"e-con-inner\">\n\t\t\t\t<div class=\"elementor-element elementor-element-8bbd3ba elementor-widget elementor-widget-heading\" data-id=\"8bbd3ba\" data-element_type=\"widget\" data-e-type=\"widget\" data-widget_type=\"heading.default\">\n\t\t\t\t\t<h1 class=\"elementor-heading-title elementor-size-default\">Sabor\u00e9 T\u00f6rt\u00e9netek \u2013 \u00cdzek, Kult\u00fara \u00e9s Gasztron\u00f3miai \u00c9lm\u00e9nyek<\/h1>\t\t\t\t<\/div>\n\t\t\t\t<div class=\"elementor-element elementor-element-c997c9a elementor-widget elementor-widget-text-editor\" data-id=\"c997c9a\" data-element_type=\"widget\" data-e-type=\"widget\" data-widget_type=\"text-editor.default\">\n\t\t\t\t\t\t\t\t\t<blockquote>\u00dcdv\u00f6zl\u00fcnk a <span class=\"s1\"><b>Sabor\u00e9 Tapas B\u00e1r &amp; \u00c9tterem<\/b><\/span> hivatalos blogj\u00e1n! \ud83c\uddea\ud83c\uddf8<\/blockquote><blockquote>Fedezd fel a spanyol gasztron\u00f3mia vil\u00e1g\u00e1t, a tapas kult\u00fara t\u00f6rt\u00e9neteit \u00e9s a kulin\u00e1ris \u00e9lm\u00e9nyeket, amelyek minden falatban ott rejlenek.<\/blockquote><blockquote>Havi tapas aj\u00e1nlatainkt\u00f3l kezdve a borvacsor\u00e1kon \u00e1t eg\u00e9szen a k\u00fcl\u00f6nleges esem\u00e9nyekig \u2014 n\u00e1lunk mindig tal\u00e1lsz valami \u00fajat, amit megk\u00f3stolhatsz. \ud83c\udf77\ud83e\udd58<\/blockquote>\t\t\t\t\t\t\t\t<\/div>\n\t\t\t\t\t<\/div>\n\t\t\t\t<\/div>\n\t\t<div class=\"elementor-element elementor-element-9a7fc3b e-flex e-con-boxed e-con e-parent\" data-id=\"9a7fc3b\" data-element_type=\"container\" data-e-type=\"container\">\n\t\t\t\t\t<div class=\"e-con-inner\">\n\t\t\t\t<div class=\"elementor-element elementor-element-f2b1cb2 elementor-grid-3 elementor-grid-tablet-2 elementor-grid-mobile-1 elementor-posts--thumbnail-top elementor-posts__hover-gradient elementor-widget elementor-widget-posts\" data-id=\"f2b1cb2\" data-element_type=\"widget\" data-e-type=\"widget\" data-settings=\"{&quot;cards_row_gap&quot;:{&quot;unit&quot;:&quot;px&quot;,&quot;size&quot;:30,&quot;sizes&quot;:[]},&quot;pagination_type&quot;:&quot;load_more_infinite_scroll&quot;,&quot;cards_columns&quot;:&quot;3&quot;,&quot;cards_columns_tablet&quot;:&quot;2&quot;,&quot;cards_columns_mobile&quot;:&quot;1&quot;,&quot;cards_row_gap_tablet&quot;:{&quot;unit&quot;:&quot;px&quot;,&quot;size&quot;:&quot;&quot;,&quot;sizes&quot;:[]},&quot;cards_row_gap_mobile&quot;:{&quot;unit&quot;:&quot;px&quot;,&quot;size&quot;:&quot;&quot;,&quot;sizes&quot;:[]},&quot;load_more_spinner&quot;:{&quot;value&quot;:&quot;fas fa-spinner&quot;,&quot;library&quot;:&quot;fa-solid&quot;}}\" data-widget_type=\"posts.cards\">\n\t\t\t\t<div class=\"elementor-widget-container\">\n\t\t\t\t\t\t\t<div class=\"elementor-posts-container elementor-posts elementor-posts--skin-cards elementor-grid\" role=\"list\">\n\t\t\t\t<article class=\"elementor-post elementor-grid-item post-6356 post type-post status-publish format-standard has-post-thumbnail hentry category-culinary-stories-inspirations category-food-lifestyle category-special-nights-experiences\" role=\"listitem\">\n\t\t\t<div class=\"elementor-post__card\">\n\t\t\t\t<a class=\"elementor-post__thumbnail__link\" href=\"https:\/\/sabore.hu\/en\/sharing-plates-in-restaurants\/\" tabindex=\"-1\" ><div class=\"elementor-post__thumbnail\"><img fetchpriority=\"high\" decoding=\"async\" width=\"300\" height=\"225\" src=\"https:\/\/sabore.hu\/wp-content\/uploads\/2025\/09\/WhatsApp-Image-2025-09-19-at-20.57.29_2ecc0862-300x225.jpg\" class=\"attachment-medium size-medium wp-image-5167\" alt=\"\" srcset=\"https:\/\/sabore.hu\/wp-content\/uploads\/2025\/09\/WhatsApp-Image-2025-09-19-at-20.57.29_2ecc0862-300x225.jpg 300w, https:\/\/sabore.hu\/wp-content\/uploads\/2025\/09\/WhatsApp-Image-2025-09-19-at-20.57.29_2ecc0862-600x450.jpg 600w, https:\/\/sabore.hu\/wp-content\/uploads\/2025\/09\/WhatsApp-Image-2025-09-19-at-20.57.29_2ecc0862-1024x768.jpg 1024w, https:\/\/sabore.hu\/wp-content\/uploads\/2025\/09\/WhatsApp-Image-2025-09-19-at-20.57.29_2ecc0862-768x576.jpg 768w, https:\/\/sabore.hu\/wp-content\/uploads\/2025\/09\/WhatsApp-Image-2025-09-19-at-20.57.29_2ecc0862.jpg 1280w\" sizes=\"(max-width: 300px) 100vw, 300px\" \/><\/div><\/a>\n\t\t\t\t<div class=\"elementor-post__badge\">Culinary Stories &amp; Inspirations<\/div>\n\t\t\t\t<div class=\"elementor-post__text\">\n\t\t\t\t<h3 class=\"elementor-post__title\">\n\t\t\t<a href=\"https:\/\/sabore.hu\/en\/sharing-plates-in-restaurants\/\" >\n\t\t\t\tK\u00e9t ember, sok t\u00e1ny\u00e9r\t\t\t<\/a>\n\t\t<\/h3>\n\t\t\t\t<div class=\"elementor-post__excerpt\">\n\t\t\t<p>Febru\u00e1rban sok a k\u00e9tf\u0151s asztal.<br \/>\n\u00c9s a legjobb est\u00e9k ritk\u00e1n indulnak vacsor\u00e1val.<br \/>\nInk\u00e1bb egy itallal, azt\u00e1n majd alakul.<\/p>\n\t\t<\/div>\n\t\t\n\t\t<a class=\"elementor-post__read-more\" href=\"https:\/\/sabore.hu\/en\/sharing-plates-in-restaurants\/\" aria-label=\"Read more about K\u00e9t ember, sok t\u00e1ny\u00e9r\" tabindex=\"-1\" >\n\t\t\tRead More \u00bb\t\t<\/a>\n\n\t\t\t\t<\/div>\n\t\t\t\t<div class=\"elementor-post__meta-data\">\n\t\t\t\t\t<span class=\"elementor-post-date\">\n\t\t\tFebruary 8, 2026\t\t<\/span>\n\t\t\t\t<span class=\"elementor-post-avatar\">\n\t\t\tNo Comments\t\t<\/span>\n\t\t\t\t<\/div>\n\t\t\t\t\t<\/div>\n\t\t<\/article>\n\t\t\t\t<article class=\"elementor-post elementor-grid-item post-6076 post type-post status-publish format-standard has-post-thumbnail hentry category-food-lifestyle\" role=\"listitem\">\n\t\t\t<div class=\"elementor-post__card\">\n\t\t\t\t<a class=\"elementor-post__thumbnail__link\" href=\"https:\/\/sabore.hu\/en\/%f0%9f%8e%81-what-to-bring-home-from-our-culinary-travels\/\" tabindex=\"-1\" ><div class=\"elementor-post__thumbnail\"><img decoding=\"async\" width=\"200\" height=\"300\" src=\"https:\/\/sabore.hu\/wp-content\/uploads\/2025\/09\/bontox1-200x300.webp\" class=\"attachment-medium size-medium wp-image-4858\" alt=\"\" srcset=\"https:\/\/sabore.hu\/wp-content\/uploads\/2025\/09\/bontox1-200x300.webp 200w, https:\/\/sabore.hu\/wp-content\/uploads\/2025\/09\/bontox1-600x900.webp 600w, https:\/\/sabore.hu\/wp-content\/uploads\/2025\/09\/bontox1-683x1024.webp 683w, https:\/\/sabore.hu\/wp-content\/uploads\/2025\/09\/bontox1.webp 768w\" sizes=\"(max-width: 200px) 100vw, 200px\" \/><\/div><\/a>\n\t\t\t\t<div class=\"elementor-post__badge\">Food &amp; Lifestyle<\/div>\n\t\t\t\t<div class=\"elementor-post__text\">\n\t\t\t\t<h3 class=\"elementor-post__title\">\n\t\t\t<a href=\"https:\/\/sabore.hu\/en\/%f0%9f%8e%81-what-to-bring-home-from-our-culinary-travels\/\" >\n\t\t\t\t\ud83c\udf81 What to Bring Home From Our Culinary Travels?\t\t\t<\/a>\n\t\t<\/h3>\n\t\t\t\t<div class=\"elementor-post__excerpt\">\n\t\t\t<p>Take the flavors of Spain home with you \ud83c\uddea\ud83c\uddf8! From smoked paprika to fine olive oil and handmade sangria blends, discover Sabor\u00e9 Tapas B\u00e1r &#038; \u00c9tterem\u2019s favorite Spanish treasures to relive your dining experience.<\/p>\n\t\t<\/div>\n\t\t\n\t\t<a class=\"elementor-post__read-more\" href=\"https:\/\/sabore.hu\/en\/%f0%9f%8e%81-what-to-bring-home-from-our-culinary-travels\/\" aria-label=\"Read more about \ud83c\udf81 What to Bring Home From Our Culinary Travels?\" tabindex=\"-1\" >\n\t\t\tRead More \u00bb\t\t<\/a>\n\n\t\t\t\t<\/div>\n\t\t\t\t<div class=\"elementor-post__meta-data\">\n\t\t\t\t\t<span class=\"elementor-post-date\">\n\t\t\tNovember 11, 2025\t\t<\/span>\n\t\t\t\t<span class=\"elementor-post-avatar\">\n\t\t\tNo Comments\t\t<\/span>\n\t\t\t\t<\/div>\n\t\t\t\t\t<\/div>\n\t\t<\/article>\n\t\t\t\t<article class=\"elementor-post elementor-grid-item post-6073 post type-post status-publish format-standard has-post-thumbnail hentry category-culinary-stories-inspirations\" role=\"listitem\">\n\t\t\t<div class=\"elementor-post__card\">\n\t\t\t\t<a class=\"elementor-post__thumbnail__link\" href=\"https:\/\/sabore.hu\/en\/exploring-the-world-through-tapas-the-global-journey-of-a-spanish-tradition\/\" tabindex=\"-1\" ><div class=\"elementor-post__thumbnail\"><img decoding=\"async\" width=\"300\" height=\"200\" src=\"https:\/\/sabore.hu\/wp-content\/uploads\/2025\/10\/pexels-chris-f-1283219-scaled-1-300x200.jpg\" class=\"attachment-medium size-medium wp-image-5647\" alt=\"\" srcset=\"https:\/\/sabore.hu\/wp-content\/uploads\/2025\/10\/pexels-chris-f-1283219-scaled-1-300x200.jpg 300w, https:\/\/sabore.hu\/wp-content\/uploads\/2025\/10\/pexels-chris-f-1283219-scaled-1-1024x683.jpg 1024w, https:\/\/sabore.hu\/wp-content\/uploads\/2025\/10\/pexels-chris-f-1283219-scaled-1-768x512.jpg 768w, https:\/\/sabore.hu\/wp-content\/uploads\/2025\/10\/pexels-chris-f-1283219-scaled-1-1536x1024.jpg 1536w, https:\/\/sabore.hu\/wp-content\/uploads\/2025\/10\/pexels-chris-f-1283219-scaled-1-600x400.jpg 600w, https:\/\/sabore.hu\/wp-content\/uploads\/2025\/10\/pexels-chris-f-1283219-scaled-1.jpg 1600w\" sizes=\"(max-width: 300px) 100vw, 300px\" \/><\/div><\/a>\n\t\t\t\t<div class=\"elementor-post__badge\">Culinary Stories &amp; Inspirations<\/div>\n\t\t\t\t<div class=\"elementor-post__text\">\n\t\t\t\t<h3 class=\"elementor-post__title\">\n\t\t\t<a href=\"https:\/\/sabore.hu\/en\/exploring-the-world-through-tapas-the-global-journey-of-a-spanish-tradition\/\" >\n\t\t\t\tExploring the World Through Tapas: The Global Journey of a Spanish Tradition\t\t\t<\/a>\n\t\t<\/h3>\n\t\t\t\t<div class=\"elementor-post__excerpt\">\n\t\t\t<p>Discover how Sabor\u00e9 Tapas B\u00e1r &#038; \u00c9tterem reimagines Spain\u2019s iconic small plates \ud83c\udf0e \u2014 exploring global flavors, local ingredients, and the art of sharing food with soul.<\/p>\n\t\t<\/div>\n\t\t\n\t\t<a class=\"elementor-post__read-more\" href=\"https:\/\/sabore.hu\/en\/exploring-the-world-through-tapas-the-global-journey-of-a-spanish-tradition\/\" aria-label=\"Read more about Exploring the World Through Tapas: The Global Journey of a Spanish Tradition\" tabindex=\"-1\" >\n\t\t\tRead More \u00bb\t\t<\/a>\n\n\t\t\t\t<\/div>\n\t\t\t\t<div class=\"elementor-post__meta-data\">\n\t\t\t\t\t<span class=\"elementor-post-date\">\n\t\t\tNovember 11, 2025\t\t<\/span>\n\t\t\t\t<span class=\"elementor-post-avatar\">\n\t\t\tNo Comments\t\t<\/span>\n\t\t\t\t<\/div>\n\t\t\t\t\t<\/div>\n\t\t<\/article>\n\t\t\t\t<article class=\"elementor-post elementor-grid-item post-6070 post type-post status-publish format-standard has-post-thumbnail hentry category-special-nights-experiences\" role=\"listitem\">\n\t\t\t<div class=\"elementor-post__card\">\n\t\t\t\t<a class=\"elementor-post__thumbnail__link\" href=\"https:\/\/sabore.hu\/en\/thematic-dinner-evenings-dining-with-a-twist\/\" tabindex=\"-1\" ><div class=\"elementor-post__thumbnail\"><img loading=\"lazy\" decoding=\"async\" width=\"300\" height=\"199\" src=\"https:\/\/sabore.hu\/wp-content\/uploads\/2025\/10\/pexels-isabella-mendes-1304475-scaled-1-300x199.jpg\" class=\"attachment-medium size-medium wp-image-5643\" alt=\"\" srcset=\"https:\/\/sabore.hu\/wp-content\/uploads\/2025\/10\/pexels-isabella-mendes-1304475-scaled-1-300x199.jpg 300w, https:\/\/sabore.hu\/wp-content\/uploads\/2025\/10\/pexels-isabella-mendes-1304475-scaled-1-1024x678.jpg 1024w, https:\/\/sabore.hu\/wp-content\/uploads\/2025\/10\/pexels-isabella-mendes-1304475-scaled-1-768x509.jpg 768w, https:\/\/sabore.hu\/wp-content\/uploads\/2025\/10\/pexels-isabella-mendes-1304475-scaled-1-1536x1018.jpg 1536w, https:\/\/sabore.hu\/wp-content\/uploads\/2025\/10\/pexels-isabella-mendes-1304475-scaled-1-600x398.jpg 600w, https:\/\/sabore.hu\/wp-content\/uploads\/2025\/10\/pexels-isabella-mendes-1304475-scaled-1.jpg 1600w\" sizes=\"(max-width: 300px) 100vw, 300px\" \/><\/div><\/a>\n\t\t\t\t<div class=\"elementor-post__badge\">Special Nights &amp; Experiences<\/div>\n\t\t\t\t<div class=\"elementor-post__text\">\n\t\t\t\t<h3 class=\"elementor-post__title\">\n\t\t\t<a href=\"https:\/\/sabore.hu\/en\/thematic-dinner-evenings-dining-with-a-twist\/\" >\n\t\t\t\tThematic Dinner Evenings: Dining with a Twist\t\t\t<\/a>\n\t\t<\/h3>\n\t\t\t\t<div class=\"elementor-post__excerpt\">\n\t\t\t<p>Step into a night of magic at Sabor\u00e9 Tapas B\u00e1r &#038; \u00c9tterem \ud83c\udf19 \u2014 where our Thematic Dinner Evenings transport guests to the heart of Spain through music, food, and unforgettable ambiance.<\/p>\n\t\t<\/div>\n\t\t\n\t\t<a class=\"elementor-post__read-more\" href=\"https:\/\/sabore.hu\/en\/thematic-dinner-evenings-dining-with-a-twist\/\" aria-label=\"Read more about Thematic Dinner Evenings: Dining with a Twist\" tabindex=\"-1\" >\n\t\t\tRead More \u00bb\t\t<\/a>\n\n\t\t\t\t<\/div>\n\t\t\t\t<div class=\"elementor-post__meta-data\">\n\t\t\t\t\t<span class=\"elementor-post-date\">\n\t\t\tNovember 11, 2025\t\t<\/span>\n\t\t\t\t<span class=\"elementor-post-avatar\">\n\t\t\tNo Comments\t\t<\/span>\n\t\t\t\t<\/div>\n\t\t\t\t\t<\/div>\n\t\t<\/article>\n\t\t\t\t<article class=\"elementor-post elementor-grid-item post-6066 post type-post status-publish format-standard has-post-thumbnail hentry category-events-experiences\" role=\"listitem\">\n\t\t\t<div class=\"elementor-post__card\">\n\t\t\t\t<a class=\"elementor-post__thumbnail__link\" href=\"https:\/\/sabore.hu\/en\/spanish-wine-tasting-night-a-journey-through-the-vineyards-of-spain\/\" tabindex=\"-1\" ><div class=\"elementor-post__thumbnail\"><img loading=\"lazy\" decoding=\"async\" width=\"200\" height=\"300\" src=\"https:\/\/sabore.hu\/wp-content\/uploads\/2022\/03\/pexels-ansbert-bignon-10415550-scaled-1-200x300.jpg\" class=\"attachment-medium size-medium wp-image-4753\" alt=\"\" srcset=\"https:\/\/sabore.hu\/wp-content\/uploads\/2022\/03\/pexels-ansbert-bignon-10415550-scaled-1-200x300.jpg 200w, https:\/\/sabore.hu\/wp-content\/uploads\/2022\/03\/pexels-ansbert-bignon-10415550-scaled-1-600x900.jpg 600w, https:\/\/sabore.hu\/wp-content\/uploads\/2022\/03\/pexels-ansbert-bignon-10415550-scaled-1-683x1024.jpg 683w, https:\/\/sabore.hu\/wp-content\/uploads\/2022\/03\/pexels-ansbert-bignon-10415550-scaled-1-768x1152.jpg 768w, https:\/\/sabore.hu\/wp-content\/uploads\/2022\/03\/pexels-ansbert-bignon-10415550-scaled-1.jpg 1600w\" sizes=\"(max-width: 200px) 100vw, 200px\" \/><\/div><\/a>\n\t\t\t\t<div class=\"elementor-post__badge\">Events &amp; Experiences<\/div>\n\t\t\t\t<div class=\"elementor-post__text\">\n\t\t\t\t<h3 class=\"elementor-post__title\">\n\t\t\t<a href=\"https:\/\/sabore.hu\/en\/spanish-wine-tasting-night-a-journey-through-the-vineyards-of-spain\/\" >\n\t\t\t\tSpanish Wine Tasting Night: A Journey Through the Vineyards of Spain\t\t\t<\/a>\n\t\t<\/h3>\n\t\t\t\t<div class=\"elementor-post__excerpt\">\n\t\t\t<p>Join us at Sabor\u00e9 Tapas B\u00e1r &#038; \u00c9tterem for our Spanish Wine Tasting Night \ud83c\udf47 \u2014 an immersive evening of world-class wines, authentic tapas pairings, and stories that bring Spain\u2019s vineyards to life.<\/p>\n\t\t<\/div>\n\t\t\n\t\t<a class=\"elementor-post__read-more\" href=\"https:\/\/sabore.hu\/en\/spanish-wine-tasting-night-a-journey-through-the-vineyards-of-spain\/\" aria-label=\"Read more about Spanish Wine Tasting Night: A Journey Through the Vineyards of Spain\" tabindex=\"-1\" >\n\t\t\tRead More \u00bb\t\t<\/a>\n\n\t\t\t\t<\/div>\n\t\t\t\t<div class=\"elementor-post__meta-data\">\n\t\t\t\t\t<span class=\"elementor-post-date\">\n\t\t\tNovember 11, 2025\t\t<\/span>\n\t\t\t\t<span class=\"elementor-post-avatar\">\n\t\t\tNo Comments\t\t<\/span>\n\t\t\t\t<\/div>\n\t\t\t\t\t<\/div>\n\t\t<\/article>\n\t\t\t\t<article class=\"elementor-post elementor-grid-item post-6058 post type-post status-publish format-standard has-post-thumbnail hentry category-uncategorized-hu\" role=\"listitem\">\n\t\t\t<div class=\"elementor-post__card\">\n\t\t\t\t<a class=\"elementor-post__thumbnail__link\" href=\"https:\/\/sabore.hu\/en\/tapas-of-the-month-a-celebration-of-seasonal-spanish-flavors\/\" tabindex=\"-1\" ><div class=\"elementor-post__thumbnail\"><img loading=\"lazy\" decoding=\"async\" width=\"200\" height=\"300\" src=\"https:\/\/sabore.hu\/wp-content\/uploads\/2025\/09\/bontox7-200x300.webp\" class=\"attachment-medium size-medium wp-image-4997\" alt=\"\" srcset=\"https:\/\/sabore.hu\/wp-content\/uploads\/2025\/09\/bontox7-200x300.webp 200w, https:\/\/sabore.hu\/wp-content\/uploads\/2025\/09\/bontox7-600x900.webp 600w, https:\/\/sabore.hu\/wp-content\/uploads\/2025\/09\/bontox7-683x1024.webp 683w, https:\/\/sabore.hu\/wp-content\/uploads\/2025\/09\/bontox7.webp 705w\" sizes=\"(max-width: 200px) 100vw, 200px\" \/><\/div><\/a>\n\t\t\t\t<div class=\"elementor-post__badge\">Uncategorized @hu<\/div>\n\t\t\t\t<div class=\"elementor-post__text\">\n\t\t\t\t<h3 class=\"elementor-post__title\">\n\t\t\t<a href=\"https:\/\/sabore.hu\/en\/tapas-of-the-month-a-celebration-of-seasonal-spanish-flavors\/\" >\n\t\t\t\tTapas of the Month: A Celebration of Seasonal Spanish Flavors\t\t\t<\/a>\n\t\t<\/h3>\n\t\t\t\t<div class=\"elementor-post__excerpt\">\n\t\t\t<p>Discover Sabor\u00e9 Tapas B\u00e1r &#038; \u00c9tterem\u2019s Tapas of the Month \u2014 a delicious journey through Spain\u2019s seasonal ingredients, reinvented each month by our passionate chefs. \ud83c\udf3f\ud83c\udf77<\/p>\n\t\t<\/div>\n\t\t\n\t\t<a class=\"elementor-post__read-more\" href=\"https:\/\/sabore.hu\/en\/tapas-of-the-month-a-celebration-of-seasonal-spanish-flavors\/\" aria-label=\"Read more about Tapas of the Month: A Celebration of Seasonal Spanish Flavors\" tabindex=\"-1\" >\n\t\t\tRead More \u00bb\t\t<\/a>\n\n\t\t\t\t<\/div>\n\t\t\t\t<div class=\"elementor-post__meta-data\">\n\t\t\t\t\t<span class=\"elementor-post-date\">\n\t\t\tNovember 11, 2025\t\t<\/span>\n\t\t\t\t<span class=\"elementor-post-avatar\">\n\t\t\tNo Comments\t\t<\/span>\n\t\t\t\t<\/div>\n\t\t\t\t\t<\/div>\n\t\t<\/article>\n\t\t\t\t<\/div>\n\t\t\t\t\t<span class=\"e-load-more-spinner\">\n\t\t\t\t<svg aria-hidden=\"true\" class=\"e-font-icon-svg e-fas-spinner\" viewBox=\"0 0 512 512\" xmlns=\"http:\/\/www.w3.org\/2000\/svg\"><path d=\"M304 48c0 26.51-21.49 48-48 48s-48-21.49-48-48 21.49-48 48-48 48 21.49 48 48zm-48 368c-26.51 0-48 21.49-48 48s21.49 48 48 48 48-21.49 48-48-21.49-48-48-48zm208-208c-26.51 0-48 21.49-48 48s21.49 48 48 48 48-21.49 48-48-21.49-48-48-48zM96 256c0-26.51-21.49-48-48-48S0 229.49 0 256s21.49 48 48 48 48-21.49 48-48zm12.922 99.078c-26.51 0-48 21.49-48 48s21.49 48 48 48 48-21.49 48-48c0-26.509-21.491-48-48-48zm294.156 0c-26.51 0-48 21.49-48 48s21.49 48 48 48 48-21.49 48-48c0-26.509-21.49-48-48-48zM108.922 60.922c-26.51 0-48 21.49-48 48s21.49 48 48 48 48-21.49 48-48-21.491-48-48-48z\"><\/path><\/svg>\t\t\t<\/span>\n\t\t\n\t\t\t\t\t\t<\/div>\n\t\t\t\t<\/div>\n\t\t\t\t\t<\/div>\n\t\t\t\t<\/div>\n\t\t<div class=\"elementor-element elementor-element-4b9fee5d e-flex e-con-boxed e-con e-parent\" data-id=\"4b9fee5d\" data-element_type=\"container\" data-e-type=\"container\" data-settings=\"{&quot;background_background&quot;:&quot;classic&quot;}\">\n\t\t\t\t\t<div class=\"e-con-inner\">\n\t\t\t\t<div class=\"elementor-element elementor-element-3ca2c672 elementor-widget elementor-widget-heading\" data-id=\"3ca2c672\" data-element_type=\"widget\" data-e-type=\"widget\" data-widget_type=\"heading.default\">\n\t\t\t\t\t<h1 class=\"elementor-heading-title elementor-size-default\">Csatlakozz a Sabor\u00e9 k\u00f6z\u00f6ss\u00e9g\u00e9hez!<\/h1>\t\t\t\t<\/div>\n\t\t\t\t<div class=\"elementor-element elementor-element-5da5742a elementor-widget__width-initial elementor-widget-mobile__width-inherit elementor-widget elementor-widget-text-editor\" data-id=\"5da5742a\" data-element_type=\"widget\" data-e-type=\"widget\" data-widget_type=\"text-editor.default\">\n\t\t\t\t\t\t\t\t\tIratkozz fel h\u00edrlevel\u00fcnkre, hogy els\u0151k\u00e9nt \u00e9rtes\u00fclj esem\u00e9nyeinkr\u0151l, \u00faj men\u00fcinkr\u0151l \u00e9s k\u00fcl\u00f6nleges gasztroaj\u00e1nlatainkr\u00f3l.\t\t\t\t\t\t\t\t<\/div>\n\t\t\t\t<div class=\"elementor-element elementor-element-5c1046cf elementor-widget__width-initial elementor-widget-tablet__width-inherit elementor-tablet-button-align-stretch elementor-button-align-stretch elementor-widget elementor-widget-form\" data-id=\"5c1046cf\" data-element_type=\"widget\" data-e-type=\"widget\" data-settings=\"{&quot;step_next_label&quot;:&quot;Next&quot;,&quot;step_previous_label&quot;:&quot;Previous&quot;,&quot;button_width&quot;:&quot;20&quot;,&quot;button_width_tablet&quot;:&quot;100&quot;,&quot;step_type&quot;:&quot;number_text&quot;,&quot;step_icon_shape&quot;:&quot;circle&quot;}\" data-widget_type=\"form.default\">\n\t\t\t\t\t\t\t<form class=\"elementor-form\" method=\"post\" name=\"Iratkozz fel h\u00edrlevel\u00fcnkre!\" aria-label=\"Iratkozz fel h\u00edrlevel\u00fcnkre!\">\n\t\t\t<input type=\"hidden\" name=\"post_id\" value=\"6059\"\/>\n\t\t\t<input type=\"hidden\" name=\"form_id\" value=\"5c1046cf\"\/>\n\t\t\t<input type=\"hidden\" name=\"referer_title\" value=\"Blog - Sabor\u00e9\" \/>\n\n\t\t\t\t\t\t\t<input type=\"hidden\" name=\"queried_id\" value=\"6059\"\/>\n\t\t\t\n\t\t\t<div class=\"elementor-form-fields-wrapper elementor-labels-\">\n\t\t\t\t\t\t\t\t<div class=\"elementor-field-type-email elementor-field-group elementor-column elementor-field-group-email elementor-col-33 elementor-md-100 elementor-field-required\">\n\t\t\t\t\t\t\t\t\t\t\t\t<label for=\"form-field-email\" class=\"elementor-field-label elementor-screen-only\">\n\t\t\t\t\t\t\t\tE-mail c\u00edmed\t\t\t\t\t\t\t<\/label>\n\t\t\t\t\t\t\t\t\t\t\t\t\t\t<input size=\"1\" type=\"email\" name=\"form_fields[email]\" id=\"form-field-email\" class=\"elementor-field elementor-size-xl  elementor-field-textual\" placeholder=\"Add meg az e-mail c\u00edmedet\u2026\" required=\"required\">\n\t\t\t\t\t\t\t\t\t\t\t<\/div>\n\t\t\t\t\t\t\t\t<div class=\"elementor-field-type-text elementor-field-group elementor-column elementor-field-group-field_238d59d elementor-col-33 elementor-md-100 elementor-field-required\">\n\t\t\t\t\t\t\t\t\t\t\t\t<label for=\"form-field-field_238d59d\" class=\"elementor-field-label elementor-screen-only\">\n\t\t\t\t\t\t\t\tNeved\t\t\t\t\t\t\t<\/label>\n\t\t\t\t\t\t\t\t\t\t\t\t\t\t<input size=\"1\" type=\"text\" name=\"form_fields[field_238d59d]\" id=\"form-field-field_238d59d\" class=\"elementor-field elementor-size-xl  elementor-field-textual\" placeholder=\"\u00cdrd be a nevedet\u2026\" required=\"required\">\n\t\t\t\t\t\t\t\t\t\t\t<\/div>\n\t\t\t\t\t\t\t\t<div class=\"elementor-field-group elementor-column elementor-field-type-submit elementor-col-20 e-form__buttons elementor-md-100\">\n\t\t\t\t\t<button class=\"elementor-button elementor-size-xl elementor-animation-grow\" type=\"submit\">\n\t\t\t\t\t\t<span class=\"elementor-button-content-wrapper\">\n\t\t\t\t\t\t\t\t\t\t\t\t\t\t\t\t\t\t\t\t\t\t<span class=\"elementor-button-text\">Feliratkozom<\/span>\n\t\t\t\t\t\t\t\t\t\t\t\t\t<\/span>\n\t\t\t\t\t<\/button>\n\t\t\t\t<\/div>\n\t\t\t<\/div>\n\t\t<\/form>\n\t\t\t\t\t\t<\/div>\n\t\t\t\t<div class=\"elementor-element elementor-element-4641972 elementor-widget elementor-widget-heading\" data-id=\"4641972\" data-element_type=\"widget\" data-e-type=\"widget\" data-widget_type=\"heading.default\">\n\t\t\t\t\t<h1 class=\"elementor-heading-title elementor-size-default\">Nincs spam, csak \u00edzletes h\u00edrek! \ud83c\udf77<\/h1>\t\t\t\t<\/div>\n\t\t\t\t\t<\/div>\n\t\t\t\t<\/div>\n\t\t\t\t<\/div>\n\t\t","protected":false},"excerpt":{"rendered":"<p>Sabor\u00e9 T\u00f6rt\u00e9netek \u2013 \u00cdzek, Kult\u00fara \u00e9s Gasztron\u00f3miai \u00c9lm\u00e9nyek \u00dcdv\u00f6zl\u00fcnk a Sabor\u00e9 Tapas B\u00e1r &amp; \u00c9tterem hivatalos blogj\u00e1n! \ud83c\uddea\ud83c\uddf8 Fedezd fel a spanyol gasztron\u00f3mia vil\u00e1g\u00e1t, a tapas kult\u00fara t\u00f6rt\u00e9neteit \u00e9s a kulin\u00e1ris \u00e9lm\u00e9nyeket, amelyek minden falatban ott rejlenek. Havi tapas aj\u00e1nlatainkt\u00f3l kezdve a borvacsor\u00e1kon \u00e1t eg\u00e9szen a k\u00fcl\u00f6nleges esem\u00e9nyekig \u2014 n\u00e1lunk mindig tal\u00e1lsz valami \u00fajat, amit [&hellip;]<\/p>\n","protected":false},"author":1,"featured_media":0,"parent":0,"menu_order":0,"comment_status":"closed","ping_status":"closed","template":"","meta":{"_acf_changed":false,"footnotes":""},"class_list":["post-6059","page","type-page","status-publish","hentry"],"acf":[],"_links":{"self":[{"href":"https:\/\/sabore.hu\/en\/wp-json\/wp\/v2\/pages\/6059","targetHints":{"allow":["GET"]}}],"collection":[{"href":"https:\/\/sabore.hu\/en\/wp-json\/wp\/v2\/pages"}],"about":[{"href":"https:\/\/sabore.hu\/en\/wp-json\/wp\/v2\/types\/page"}],"author":[{"embeddable":true,"href":"https:\/\/sabore.hu\/en\/wp-json\/wp\/v2\/users\/1"}],"replies":[{"embeddable":true,"href":"https:\/\/sabore.hu\/en\/wp-json\/wp\/v2\/comments?post=6059"}],"version-history":[{"count":25,"href":"https:\/\/sabore.hu\/en\/wp-json\/wp\/v2\/pages\/6059\/revisions"}],"predecessor-version":[{"id":6113,"href":"https:\/\/sabore.hu\/en\/wp-json\/wp\/v2\/pages\/6059\/revisions\/6113"}],"wp:attachment":[{"href":"https:\/\/sabore.hu\/en\/wp-json\/wp\/v2\/media?parent=6059"}],"curies":[{"name":"wp","href":"https:\/\/api.w.org\/{rel}","templated":true}]}}