{"id":5558,"date":"2025-11-09T21:45:09","date_gmt":"2025-11-09T20:45:09","guid":{"rendered":"https:\/\/sabore.hu\/?post_type=product&#038;p=5558"},"modified":"2026-02-09T15:48:08","modified_gmt":"2026-02-09T14:48:08","slug":"ajandek-utalvany-10000-ft","status":"publish","type":"product","link":"https:\/\/sabore.hu\/en\/product\/ajandek-utalvany-10000-ft\/","title":{"rendered":"Aj\u00e1nd\u00e9k utalv\u00e1ny 10,000 Ft"},"content":{"rendered":"<p>\ud83c\udf81 Lepj meg valakit egy felejthetetlen Sabor\u00e9\u00a0\u00e9lm\u00e9nnyel!<\/p>\n<p>A 10 000 Ft \u00e9rt\u00e9k\u0171 aj\u00e1nd\u00e9kutalv\u00e1ny most 9,000 Ft-\u00e9rt el\u00e9rhet\u0151 a weboldalunkon<\/p>\n<p>Ez a 10 000 Ft \u00e9rt\u00e9k\u0171 aj\u00e1nd\u00e9kutalv\u00e1ny \u00e9ttermi fogyaszt\u00e1sra haszn\u00e1lhat\u00f3 fel, bele\u00e9rtve az italokat \u00e9teleket vagy b\u00e1rmely m\u00e1s \u00e9ttermi\u00a0k\u00edn\u00e1latunkat. T\u00f6k\u00e9letes v\u00e1laszt\u00e1s borkedvel\u0151knek \u00e9s \u00ednyenceknek!<\/p>","protected":false},"excerpt":{"rendered":"<p>\ud83c\udf81 Lepj meg valakit egy felejthetetlen Sabor\u00e9\u00a0\u00e9lm\u00e9nnyel! A 10 000 Ft \u00e9rt\u00e9k\u0171 aj\u00e1nd\u00e9kutalv\u00e1ny most 9,000 Ft-\u00e9rt el\u00e9rhet\u0151 a weboldalunkon Ez a 10 000 Ft \u00e9rt\u00e9k\u0171 aj\u00e1nd\u00e9kutalv\u00e1ny \u00e9ttermi fogyaszt\u00e1sra haszn\u00e1lhat\u00f3 fel, bele\u00e9rtve az italokat \u00e9teleket vagy b\u00e1rmely m\u00e1s \u00e9ttermi\u00a0k\u00edn\u00e1latunkat. T\u00f6k\u00e9letes v\u00e1laszt\u00e1s borkedvel\u0151knek \u00e9s \u00ednyenceknek!<\/p>","protected":false},"featured_media":5554,"comment_status":"open","ping_status":"closed","template":"","meta":{"_acf_changed":false},"product_brand":[],"product_cat":[22],"product_tag":[],"class_list":{"0":"post-5558","1":"product","2":"type-product","3":"status-publish","4":"has-post-thumbnail","6":"product_cat-ajandek-utalvanyok-2","8":"first","9":"instock","10":"sale","11":"downloadable","12":"virtual","13":"purchasable","14":"product-type-simple"},"acf":[],"_links":{"self":[{"href":"https:\/\/sabore.hu\/en\/wp-json\/wp\/v2\/product\/5558","targetHints":{"allow":["GET"]}}],"collection":[{"href":"https:\/\/sabore.hu\/en\/wp-json\/wp\/v2\/product"}],"about":[{"href":"https:\/\/sabore.hu\/en\/wp-json\/wp\/v2\/types\/product"}],"replies":[{"embeddable":true,"href":"https:\/\/sabore.hu\/en\/wp-json\/wp\/v2\/comments?post=5558"}],"wp:featuredmedia":[{"embeddable":true,"href":"https:\/\/sabore.hu\/en\/wp-json\/wp\/v2\/media\/5554"}],"wp:attachment":[{"href":"https:\/\/sabore.hu\/en\/wp-json\/wp\/v2\/media?parent=5558"}],"wp:term":[{"taxonomy":"product_brand","embeddable":true,"href":"https:\/\/sabore.hu\/en\/wp-json\/wp\/v2\/product_brand?post=5558"},{"taxonomy":"product_cat","embeddable":true,"href":"https:\/\/sabore.hu\/en\/wp-json\/wp\/v2\/product_cat?post=5558"},{"taxonomy":"product_tag","embeddable":true,"href":"https:\/\/sabore.hu\/en\/wp-json\/wp\/v2\/product_tag?post=5558"}],"curies":[{"name":"wp","href":"https:\/\/api.w.org\/{rel}","templated":true}]}}