{"id":6215,"date":"2025-11-30T11:39:06","date_gmt":"2025-11-30T10:39:06","guid":{"rendered":"https:\/\/sabore.hu\/?post_type=product&#038;p=6215"},"modified":"2025-12-11T20:11:05","modified_gmt":"2025-12-11T19:11:05","slug":"jamon-iberico-36-meses-de-curacion-natural-100g","status":"publish","type":"product","link":"https:\/\/sabore.hu\/en\/product\/jamon-iberico-36-meses-de-curacion-natural-100g\/","title":{"rendered":"Jam\u00f3n Ib\u00e9rico +36 meses de Curaci\u00f3n Natural (100g)"},"content":{"rendered":"<div class=\"relative basis-auto flex-col -mb-(--composer-overlap-px) [--composer-overlap-px:28px] grow flex overflow-hidden\">\n<div class=\"relative h-full\">\n<div class=\"flex h-full flex-col overflow-y-auto thread-xl:pt-(--header-height) [scrollbar-gutter:stable_both-edges]\">\n<div class=\"flex flex-col text-sm thread-xl:pt-header-height\">\n<article class=\"text-token-text-primary w-full focus:outline-none [--shadow-height:45px] has-data-writing-block:pointer-events-none has-data-writing-block:-mt-(--shadow-height) has-data-writing-block:pt-(--shadow-height) [&amp;:has([data-writing-block])&gt;*]:pointer-events-auto scroll-mt-[calc(var(--header-height)+min(200px,max(70px,20svh)))]\" dir=\"auto\" tabindex=\"-1\" data-turn-id=\"request-WEB:9a096dbc-da7f-4ac1-b5a6-65d84f93cfc7-3\" data-testid=\"conversation-turn-8\" data-scroll-anchor=\"true\" data-turn=\"assistant\">\n<div class=\"text-base my-auto mx-auto pb-10 [--thread-content-margin:--spacing(4)] thread-sm:[--thread-content-margin:--spacing(6)] thread-lg:[--thread-content-margin:--spacing(16)] px-(--thread-content-margin)\">\n<div class=\"[--thread-content-max-width:40rem] thread-lg:[--thread-content-max-width:48rem] mx-auto max-w-(--thread-content-max-width) flex-1 group\/turn-messages focus-visible:outline-hidden relative flex w-full min-w-0 flex-col agent-turn\" tabindex=\"-1\">\n<div class=\"flex max-w-full flex-col grow\">\n<div class=\"min-h-8 text-message relative flex w-full flex-col items-end gap-2 text-start break-words whitespace-normal [.text-message+&amp;]:mt-1\" dir=\"auto\" data-message-author-role=\"assistant\" data-message-id=\"2391d4e6-c18b-4c6e-a956-5031e46622ce\" data-message-model-slug=\"gpt-5-1\">\n<div class=\"flex w-full flex-col gap-1 empty:hidden first:pt-[1px]\">\n<div class=\"markdown prose dark:prose-invert w-full break-words light markdown-new-styling\">\n<p data-start=\"36\" data-end=\"440\">Jam\u00f3n Bellota 50% Ib\u00e9rico +36 meses de Curaci\u00f3n Natural<br data-start=\"92\" data-end=\"95\" \/>Jam\u00f3n BELLOTA\u00a0 50% IB\u00c9RICO. 100%-ban term\u00e9szetes \u00e9rlel\u00e9s\u0171, t\u00f6bb mint 36 h\u00f3napig \u00e9rlelve a Sierra Nevada Nemzeti Park ter\u00fclet\u00e9n. Nincs benne adal\u00e9kanyag vagy tart\u00f3s\u00edt\u00f3szer, alacsony s\u00f3tartalm\u00fa, glut\u00e9n- \u00e9s lakt\u00f3zmentes.<br data-start=\"320\" data-end=\"323\" data-is-only-node=\"\" \/>\u00d6sszetev\u0151k: Bellota Ib\u00e9rico sonka \u00e9s tengeri s\u00f3. Spanyol eredet.<\/p>\n<p data-start=\"442\" data-end=\"608\" data-is-last-node=\"\" data-is-only-node=\"\">T\u00c1P\u00c9RT\u00c9K 100g-ONK\u00c9NT<br data-start=\"462\" data-end=\"465\" \/>ENERGIA: 1920 KJ \/ 464 KCAL<br data-start=\"492\" data-end=\"495\" data-is-only-node=\"\" \/>ZSIROK: 40,5 g<br data-start=\"509\" data-end=\"512\" \/>TEL\u00cdTETT ZS\u00cdRSAVAK: 15 g<br data-start=\"536\" data-end=\"539\" \/>SZ\u00c9NHIDR\u00c1T: 0 g<br data-start=\"554\" data-end=\"557\" \/>CUKOR: 0 g<br data-start=\"567\" data-end=\"570\" \/>FEH\u00c9RJE: 24 g<br data-start=\"583\" data-end=\"586\" \/>S\u00d3 (N\u00c1TRIUMB\u00d3L): 3,9 g<\/p>\n<\/div>\n<\/div>\n<\/div>\n<\/div>\n<\/div>\n<\/div>\n<\/article>\n<\/div>\n<\/div>\n<\/div>\n<\/div>\n","protected":false},"excerpt":{"rendered":"<p>Jam\u00f3n Bellota 50% Ib\u00e9rico +36 meses de Curaci\u00f3n NaturalJam\u00f3n BELLOTA\u00a0 50% IB\u00c9RICO. 100%-ban term\u00e9szetes \u00e9rlel\u00e9s\u0171, t\u00f6bb mint 36 h\u00f3napig \u00e9rlelve a Sierra Nevada Nemzeti Park ter\u00fclet\u00e9n. Nincs benne adal\u00e9kanyag vagy tart\u00f3s\u00edt\u00f3szer, alacsony s\u00f3tartalm\u00fa, glut\u00e9n- \u00e9s lakt\u00f3zmentes.\u00d6sszetev\u0151k: Bellota Ib\u00e9rico sonka \u00e9s tengeri s\u00f3. Spanyol eredet. T\u00c1P\u00c9RT\u00c9K 100g-ONK\u00c9NTENERGIA: 1920 KJ \/ 464 KCALZSIROK: 40,5 gTEL\u00cdTETT ZS\u00cdRSAVAK: 15 [&hellip;]<\/p>\n","protected":false},"featured_media":6216,"comment_status":"open","ping_status":"closed","template":"","meta":{"_acf_changed":false},"product_brand":[],"product_cat":[23],"product_tag":[],"class_list":{"0":"post-6215","1":"product","2":"type-product","3":"status-publish","4":"has-post-thumbnail","6":"product_cat-etelek-elvitelre","8":"first","9":"instock","10":"sale","11":"downloadable","12":"virtual","13":"purchasable","14":"product-type-simple"},"acf":[],"_links":{"self":[{"href":"https:\/\/sabore.hu\/en\/wp-json\/wp\/v2\/product\/6215","targetHints":{"allow":["GET"]}}],"collection":[{"href":"https:\/\/sabore.hu\/en\/wp-json\/wp\/v2\/product"}],"about":[{"href":"https:\/\/sabore.hu\/en\/wp-json\/wp\/v2\/types\/product"}],"replies":[{"embeddable":true,"href":"https:\/\/sabore.hu\/en\/wp-json\/wp\/v2\/comments?post=6215"}],"wp:featuredmedia":[{"embeddable":true,"href":"https:\/\/sabore.hu\/en\/wp-json\/wp\/v2\/media\/6216"}],"wp:attachment":[{"href":"https:\/\/sabore.hu\/en\/wp-json\/wp\/v2\/media?parent=6215"}],"wp:term":[{"taxonomy":"product_brand","embeddable":true,"href":"https:\/\/sabore.hu\/en\/wp-json\/wp\/v2\/product_brand?post=6215"},{"taxonomy":"product_cat","embeddable":true,"href":"https:\/\/sabore.hu\/en\/wp-json\/wp\/v2\/product_cat?post=6215"},{"taxonomy":"product_tag","embeddable":true,"href":"https:\/\/sabore.hu\/en\/wp-json\/wp\/v2\/product_tag?post=6215"}],"curies":[{"name":"wp","href":"https:\/\/api.w.org\/{rel}","templated":true}]}}