{"id":6218,"date":"2025-11-30T13:29:01","date_gmt":"2025-11-30T12:29:01","guid":{"rendered":"https:\/\/sabore.hu\/?post_type=product&#038;p=6218"},"modified":"2025-12-11T20:25:43","modified_gmt":"2025-12-11T19:25:43","slug":"hideg-kostolo-tal-spanyol-valogatas-4-fo-reszere","status":"publish","type":"product","link":"https:\/\/sabore.hu\/en\/product\/hideg-kostolo-tal-spanyol-valogatas-4-fo-reszere\/","title":{"rendered":"Hideg K\u00f3stol\u00f3 T\u00e1l \u2013 Spanyol V\u00e1logat\u00e1s (4 f\u0151 r\u00e9sz\u00e9re)"},"content":{"rendered":"<div class=\"relative basis-auto flex-col -mb-(--composer-overlap-px) [--composer-overlap-px:28px] grow flex overflow-hidden\">\n<div class=\"relative h-full\">\n<div class=\"flex h-full flex-col overflow-y-auto thread-xl:pt-(--header-height) [scrollbar-gutter:stable_both-edges]\">\n<div class=\"flex flex-col text-sm thread-xl:pt-header-height\">\n<article class=\"text-token-text-primary w-full focus:outline-none [--shadow-height:45px] has-data-writing-block:pointer-events-none has-data-writing-block:-mt-(--shadow-height) has-data-writing-block:pt-(--shadow-height) [&amp;:has([data-writing-block])&gt;*]:pointer-events-auto scroll-mt-[calc(var(--header-height)+min(200px,max(70px,20svh)))]\" dir=\"auto\" tabindex=\"-1\" data-turn-id=\"request-WEB:9a096dbc-da7f-4ac1-b5a6-65d84f93cfc7-8\" data-testid=\"conversation-turn-18\" data-scroll-anchor=\"true\" data-turn=\"assistant\">\n<div class=\"text-base my-auto mx-auto pb-10 [--thread-content-margin:--spacing(4)] thread-sm:[--thread-content-margin:--spacing(6)] thread-lg:[--thread-content-margin:--spacing(16)] px-(--thread-content-margin)\">\n<div class=\"[--thread-content-max-width:40rem] thread-lg:[--thread-content-max-width:48rem] mx-auto max-w-(--thread-content-max-width) flex-1 group\/turn-messages focus-visible:outline-hidden relative flex w-full min-w-0 flex-col agent-turn\" tabindex=\"-1\">\n<div class=\"flex max-w-full flex-col grow\">\n<div class=\"min-h-8 text-message relative flex w-full flex-col items-end gap-2 text-start break-words whitespace-normal [.text-message+&amp;]:mt-1\" dir=\"auto\" data-message-author-role=\"assistant\" data-message-id=\"59818c46-eb46-4be7-8325-5ee8b3d73e47\" data-message-model-slug=\"gpt-5-1\">\n<div class=\"flex w-full flex-col gap-1 empty:hidden first:pt-[1px]\">\n<div class=\"markdown prose dark:prose-invert w-full break-words light markdown-new-styling\">\n<p data-start=\"130\" data-end=\"355\">Egy pr\u00e9mium spanyol hideg k\u00f3stol\u00f3 t\u00e1l, amely t\u00f6k\u00e9letes v\u00e1laszt\u00e1s n\u00e9gy f\u0151 sz\u00e1m\u00e1ra bar\u00e1ti \u00f6sszej\u00f6vetelhez, boroz\u00e1shoz vagy k\u00f6nnyed falatoz\u00e1shoz. Autentikus spanyol \u00edzek, gondosan \u00f6ssze\u00e1ll\u00edtott alapanyagok \u00e9s harmonikus t\u00e1lal\u00e1s.<\/p>\n<h4 data-start=\"357\" data-end=\"377\"><strong data-start=\"362\" data-end=\"377\">\u00d6sszetev\u0151k:<\/strong><\/h4>\n<ul data-start=\"378\" data-end=\"636\">\n<li data-start=\"378\" data-end=\"395\">\n<p data-start=\"380\" data-end=\"395\">Jam\u00f3n Serrano<\/p>\n<\/li>\n<li data-start=\"396\" data-end=\"415\">\n<p data-start=\"398\" data-end=\"415\">Chorizo Ib\u00e9rico<\/p>\n<\/li>\n<li data-start=\"416\" data-end=\"438\">\n<p data-start=\"418\" data-end=\"438\">Salchich\u00f3n Ib\u00e9rico<\/p>\n<\/li>\n<li data-start=\"439\" data-end=\"474\">\n<p data-start=\"441\" data-end=\"474\">H\u00e1romf\u00e9le spanyol sajtv\u00e1logat\u00e1s<\/p>\n<\/li>\n<li data-start=\"475\" data-end=\"495\">\n<p data-start=\"477\" data-end=\"495\">Pr\u00e9mium ol\u00edvamix<\/p>\n<\/li>\n<li data-start=\"496\" data-end=\"527\">\n<p data-start=\"498\" data-end=\"527\">Crackerek \/ ropog\u00f3s kekszek<\/p>\n<\/li>\n<li data-start=\"528\" data-end=\"538\">\n<p data-start=\"530\" data-end=\"538\">Magvak<\/p>\n<\/li>\n<li data-start=\"539\" data-end=\"559\">\n<p data-start=\"541\" data-end=\"559\">Friss gy\u00fcm\u00f6lcs\u00f6k<\/p>\n<\/li>\n<li data-start=\"560\" data-end=\"636\">\n<p data-start=\"562\" data-end=\"636\"><strong data-start=\"562\" data-end=\"579\">Dip v\u00e1logat\u00e1s<\/strong> (pl. alioli, pepper spread, vagy spanyol st\u00edlus\u00fa kr\u00e9mek)<\/p>\n<\/li>\n<\/ul>\n<p data-start=\"638\" data-end=\"664\"><strong data-start=\"638\" data-end=\"647\">Adag:<\/strong> kb. 4 f\u0151 r\u00e9sz\u00e9re<\/p>\n<p data-start=\"666\" data-end=\"779\" data-is-last-node=\"\" data-is-only-node=\"\">T\u00f6k\u00e9letes v\u00e1laszt\u00e1s, ha Spanyolorsz\u00e1g klasszikus \u00edzeit szeretn\u00e9tek megosztani egy k\u00f6z\u00f6s, \u00e9lm\u00e9nyd\u00fas alkalom sor\u00e1n.<\/p>\n<p data-start=\"666\" data-end=\"779\" data-is-last-node=\"\" data-is-only-node=\"\">Ha egyedi m\u00e9ret\u0171 t\u00e1lat szeretn\u00e9l b\u00e1rmennyi f\u0151 r\u00e9sz\u00e9re, k\u00e9rj\u00fck, h\u00edvj minket \u2014 sz\u00edvesen k\u00e9sz\u00edt\u00fcnk szem\u00e9lyre szabott aj\u00e1nlatot.<\/p>\n<\/div>\n<\/div>\n<\/div>\n<\/div>\n<\/div>\n<\/div>\n<\/article>\n<\/div>\n<\/div>\n<\/div>\n<\/div>\n","protected":false},"excerpt":{"rendered":"<p>Egy pr\u00e9mium spanyol hideg k\u00f3stol\u00f3 t\u00e1l, amely t\u00f6k\u00e9letes v\u00e1laszt\u00e1s n\u00e9gy f\u0151 sz\u00e1m\u00e1ra bar\u00e1ti \u00f6sszej\u00f6vetelhez, boroz\u00e1shoz vagy k\u00f6nnyed falatoz\u00e1shoz. Autentikus spanyol \u00edzek, gondosan \u00f6ssze\u00e1ll\u00edtott alapanyagok \u00e9s harmonikus t\u00e1lal\u00e1s. \u00d6sszetev\u0151k: Jam\u00f3n Serrano Chorizo Ib\u00e9rico Salchich\u00f3n Ib\u00e9rico H\u00e1romf\u00e9le spanyol sajtv\u00e1logat\u00e1s Pr\u00e9mium ol\u00edvamix Crackerek \/ ropog\u00f3s kekszek Magvak Friss gy\u00fcm\u00f6lcs\u00f6k Dip v\u00e1logat\u00e1s (pl. alioli, pepper spread, vagy spanyol st\u00edlus\u00fa [&hellip;]<\/p>\n","protected":false},"featured_media":6219,"comment_status":"open","ping_status":"closed","template":"","meta":{"_acf_changed":false},"product_brand":[],"product_cat":[23],"product_tag":[],"class_list":{"0":"post-6218","1":"product","2":"type-product","3":"status-publish","4":"has-post-thumbnail","6":"product_cat-etelek-elvitelre","8":"first","9":"instock","10":"sale","11":"downloadable","12":"virtual","13":"purchasable","14":"product-type-simple"},"acf":[],"_links":{"self":[{"href":"https:\/\/sabore.hu\/en\/wp-json\/wp\/v2\/product\/6218","targetHints":{"allow":["GET"]}}],"collection":[{"href":"https:\/\/sabore.hu\/en\/wp-json\/wp\/v2\/product"}],"about":[{"href":"https:\/\/sabore.hu\/en\/wp-json\/wp\/v2\/types\/product"}],"replies":[{"embeddable":true,"href":"https:\/\/sabore.hu\/en\/wp-json\/wp\/v2\/comments?post=6218"}],"wp:featuredmedia":[{"embeddable":true,"href":"https:\/\/sabore.hu\/en\/wp-json\/wp\/v2\/media\/6219"}],"wp:attachment":[{"href":"https:\/\/sabore.hu\/en\/wp-json\/wp\/v2\/media?parent=6218"}],"wp:term":[{"taxonomy":"product_brand","embeddable":true,"href":"https:\/\/sabore.hu\/en\/wp-json\/wp\/v2\/product_brand?post=6218"},{"taxonomy":"product_cat","embeddable":true,"href":"https:\/\/sabore.hu\/en\/wp-json\/wp\/v2\/product_cat?post=6218"},{"taxonomy":"product_tag","embeddable":true,"href":"https:\/\/sabore.hu\/en\/wp-json\/wp\/v2\/product_tag?post=6218"}],"curies":[{"name":"wp","href":"https:\/\/api.w.org\/{rel}","templated":true}]}}